{"id":509,"date":"2025-03-10T23:29:26","date_gmt":"2025-03-10T23:29:26","guid":{"rendered":"https:\/\/lideresemprendedores.com.mx\/portal\/home\/"},"modified":"2025-06-19T03:09:19","modified_gmt":"2025-06-19T03:09:19","slug":"home","status":"publish","type":"page","link":"https:\/\/lideresemprendedores.com.mx\/portal\/","title":{"rendered":"Inicio"},"content":{"rendered":"\n<div class=\"wp-block-uagb-container uagb-block-uk15x1qy alignfull uagb-is-root-container\"><div class=\"uagb-container-inner-blocks-wrap\">\n<div class=\"wp-block-uagb-info-box uagb-block-ww8w7ntd uagb-infobox__content-wrap  uagb-infobox-icon-above-title uagb-infobox-image-valign-top\"><div class=\"uagb-ifb-content\"><div class=\"uagb-ifb-title-wrap\"><h1 class=\"uagb-ifb-title\">Expertos En Implementaci\u00f3n<br> de Campus Virtuales Y Educaci\u00f3n a Distancia<\/h1><\/div><\/div><\/div>\n\n\n\n<div class=\"wp-block-uagb-image uagb-block-2a29f583 wp-block-uagb-image--layout-default wp-block-uagb-image--effect-static wp-block-uagb-image--align-none\"><figure class=\"wp-block-uagb-image__figure\"><\/figure><\/div>\n<\/div><\/div>\n\n\n\n<div class=\"wp-block-uagb-container uagb-block-twfwocm8 alignfull uagb-is-root-container\"><div class=\"uagb-container-inner-blocks-wrap\">\n<div class=\"wp-block-uagb-info-box uagb-block-niktucae uagb-infobox__content-wrap  uagb-infobox-icon-above-title uagb-infobox-image-valign-top\"><div class=\"uagb-ifb-content\"><div class=\"uagb-ifb-title-wrap\"><h2 class=\"uagb-ifb-title\">Nuestro Servicios<\/h2><\/div><p class=\"uagb-ifb-desc\">Soluciones Personalizadas para tus Necesidades Educativas<\/p><\/div><\/div>\n\n\n\n<div class=\"wp-block-uagb-container uagb-block-exusdahw\">\n<div class=\"wp-block-uagb-container uagb-block-oaxgllpb\">\n<div class=\"wp-block-uagb-image alignleft uagb-block-87i7sv4o wp-block-uagb-image--layout-default wp-block-uagb-image--effect-static wp-block-uagb-image--align-left\"><figure class=\"wp-block-uagb-image__figure\"><img decoding=\"async\" srcset=\"https:\/\/lideresemprendedores.com.mx\/portal\/wp-content\/uploads\/2025\/03\/gddd63a4bcea5190893c55db1987ee772f73546a2f508a20576e86661d344325e9b6116041460b492f774a6e62725d999f12ea23a0952ade81efade4f5d3e70bb_1280-1875813-1024x682.jpg ,https:\/\/lideresemprendedores.com.mx\/portal\/wp-content\/uploads\/2025\/03\/gddd63a4bcea5190893c55db1987ee772f73546a2f508a20576e86661d344325e9b6116041460b492f774a6e62725d999f12ea23a0952ade81efade4f5d3e70bb_1280-1875813.jpg 780w, https:\/\/lideresemprendedores.com.mx\/portal\/wp-content\/uploads\/2025\/03\/gddd63a4bcea5190893c55db1987ee772f73546a2f508a20576e86661d344325e9b6116041460b492f774a6e62725d999f12ea23a0952ade81efade4f5d3e70bb_1280-1875813.jpg 360w\" sizes=\"auto, (max-width: 480px) 150px\" src=\"https:\/\/lideresemprendedores.com.mx\/portal\/wp-content\/uploads\/2025\/03\/gddd63a4bcea5190893c55db1987ee772f73546a2f508a20576e86661d344325e9b6116041460b492f774a6e62725d999f12ea23a0952ade81efade4f5d3e70bb_1280-1875813-1024x682.jpg\" alt=\"mobile phone, smartphone, hohenzollern castle, castle, virtual reality, mobile phone, mobile phone, mobile phone, metaverse, smartphone, smartphone, smartphone, castle, castle, castle, virtual reality, virtual reality, virtual reality, virtual reality, virtual reality\" class=\"uag-image-556\" width=\"352\" height=\"260\" title=\"gddd63a4bcea5190893c55db1987ee772f73546a2f508a20576e86661d344325e9b6116041460b492f774a6e62725d999f12ea23a0952ade81efade4f5d3e70bb_1280-1875813\" loading=\"lazy\" role=\"img\"\/><\/figure><\/div>\n\n\n\n<div class=\"wp-block-uagb-info-box uagb-block-57oacjnm uagb-infobox__content-wrap  uagb-infobox-icon-above-title uagb-infobox-image-valign-top\"><div class=\"uagb-ifb-content\"><div class=\"uagb-ifb-title-wrap\"><h3 class=\"uagb-ifb-title\">Implementaci\u00f3n de Campus Virtuales<\/h3><\/div><p class=\"uagb-ifb-desc\">Ofrecemos soluciones completas de implementaci\u00f3n de plataformas como Moodle, adaptadas a las necesidades de tu instituci\u00f3n educativa o empresa. Garantizamos una integraci\u00f3n fluida y eficiente.<\/p><\/div><\/div>\n<\/div>\n\n\n\n<div class=\"wp-block-uagb-container uagb-block-bx7ayg0l\">\n<div class=\"wp-block-uagb-image alignleft uagb-block-bf1nwb9o wp-block-uagb-image--layout-default wp-block-uagb-image--effect-static wp-block-uagb-image--align-left\"><figure class=\"wp-block-uagb-image__figure\"><img decoding=\"async\" srcset=\"https:\/\/lideresemprendedores.com.mx\/portal\/wp-content\/uploads\/2025\/03\/zipwp-image-6266984-1024x683.jpg ,https:\/\/lideresemprendedores.com.mx\/portal\/wp-content\/uploads\/2025\/03\/zipwp-image-6266984-scaled.jpg 780w, https:\/\/lideresemprendedores.com.mx\/portal\/wp-content\/uploads\/2025\/03\/zipwp-image-6266984-scaled.jpg 360w\" sizes=\"auto, (max-width: 480px) 150px\" src=\"https:\/\/lideresemprendedores.com.mx\/portal\/wp-content\/uploads\/2025\/03\/zipwp-image-6266984-1024x683.jpg\" alt=\"Woman conducting online teaching session at home with laptop and books.\" class=\"uag-image-530\" width=\"352\" height=\"260\" title=\"zipwp-image-6266984\" loading=\"lazy\" role=\"img\"\/><\/figure><\/div>\n\n\n\n<div class=\"wp-block-uagb-info-box uagb-block-il0brjcb uagb-infobox__content-wrap  uagb-infobox-icon-above-title uagb-infobox-image-valign-top\"><div class=\"uagb-ifb-content\"><div class=\"uagb-ifb-title-wrap\"><h3 class=\"uagb-ifb-title\">Dise\u00f1o Instruccional<\/h3><\/div><p class=\"uagb-ifb-desc\">Creamos contenido educativo de alta calidad y dise\u00f1amos programas de estudio que maximizan el aprendizaje en l\u00ednea. Nuestro enfoque pedag\u00f3gico asegura una experiencia de aprendizaje efectiva y atractiva.<\/p><\/div><\/div>\n<\/div>\n\n\n\n<div class=\"wp-block-uagb-container uagb-block-atqqhdbr\">\n<div class=\"wp-block-uagb-image alignleft uagb-block-twyzqcpj wp-block-uagb-image--layout-default wp-block-uagb-image--effect-static wp-block-uagb-image--align-left\"><figure class=\"wp-block-uagb-image__figure\"><img decoding=\"async\" srcset=\"https:\/\/lideresemprendedores.com.mx\/portal\/wp-content\/uploads\/2025\/03\/pexels-photo-3810792-3810792-732x1024.jpg ,https:\/\/lideresemprendedores.com.mx\/portal\/wp-content\/uploads\/2025\/03\/pexels-photo-3810792-3810792-scaled.jpg 780w, https:\/\/lideresemprendedores.com.mx\/portal\/wp-content\/uploads\/2025\/03\/pexels-photo-3810792-3810792-scaled.jpg 360w\" sizes=\"auto, (max-width: 480px) 150px\" src=\"https:\/\/lideresemprendedores.com.mx\/portal\/wp-content\/uploads\/2025\/03\/pexels-photo-3810792-3810792-732x1024.jpg\" alt=\"Group of women collaborating on a creative project in a modern office environment.\" class=\"uag-image-562\" width=\"352\" height=\"260\" title=\"pexels-photo-3810792-3810792\" loading=\"lazy\" role=\"img\"\/><\/figure><\/div>\n\n\n\n<div class=\"wp-block-uagb-info-box uagb-block-ynb5gmtg uagb-infobox__content-wrap  uagb-infobox-icon-above-title uagb-infobox-image-valign-top\"><div class=\"uagb-ifb-content\"><div class=\"uagb-ifb-title-wrap\"><h3 class=\"uagb-ifb-title\">Consultoria Educativa<\/h3><\/div><p class=\"uagb-ifb-desc\">Brindamos asesor\u00eda en la creaci\u00f3n, gesti\u00f3n y evaluaci\u00f3n de programas educativos en l\u00ednea. Nuestro equipo te ayudar\u00e1 a desarrollar estrategias efectivas para el \u00e9xito de tus proyectos.<\/p><\/div><\/div>\n<\/div>\n\n\n\n<div class=\"wp-block-uagb-container uagb-block-e37e707a\">\n<div class=\"wp-block-uagb-image alignleft uagb-block-ed389244 wp-block-uagb-image--layout-default wp-block-uagb-image--effect-static wp-block-uagb-image--align-left\"><figure class=\"wp-block-uagb-image__figure\"><img decoding=\"async\" srcset=\"https:\/\/lideresemprendedores.com.mx\/portal\/wp-content\/uploads\/2025\/03\/zipwp-image-4841630-1024x683.jpg ,https:\/\/lideresemprendedores.com.mx\/portal\/wp-content\/uploads\/2025\/03\/zipwp-image-4841630-scaled.jpg 780w, https:\/\/lideresemprendedores.com.mx\/portal\/wp-content\/uploads\/2025\/03\/zipwp-image-4841630-scaled.jpg 360w\" sizes=\"auto, (max-width: 480px) 150px\" src=\"https:\/\/lideresemprendedores.com.mx\/portal\/wp-content\/uploads\/2025\/03\/zipwp-image-4841630-1024x683.jpg\" alt=\"A young man using a laptop for online learning at home, seated at a wooden desk.\" class=\"uag-image-539\" width=\"352\" height=\"260\" title=\"zipwp-image-4841630\" loading=\"lazy\" role=\"img\"\/><\/figure><\/div>\n\n\n\n<div class=\"wp-block-uagb-info-box uagb-block-e8204071 uagb-infobox__content-wrap  uagb-infobox-icon-above-title uagb-infobox-image-valign-top\"><div class=\"uagb-ifb-content\"><div class=\"uagb-ifb-title-wrap\"><h3 class=\"uagb-ifb-title\">Cursos<\/h3><\/div><p class=\"uagb-ifb-desc\">Capacitamos a profesores y personal educativo en el uso de tecnolog\u00edas educativas y herramientas de aprendizaje en l\u00ednea. Ofrecemos talleres y cursos personalizados para mejorar sus habilidades pedag\u00f3gicas.<\/p><\/div><\/div>\n<\/div>\n<\/div>\n<\/div><\/div>\n\n\n\n<div class=\"wp-block-uagb-container uagb-block-84609b40 alignfull uagb-is-root-container\"><div class=\"uagb-container-inner-blocks-wrap\">\n<div class=\"wp-block-uagb-container uagb-block-cf3582a3\">\n<figure class=\"wp-block-image size-full\"><img decoding=\"async\" src=\"https:\/\/lideresemprendedores.com.mx\/portal\/wp-content\/uploads\/2025\/06\/l.webp\" alt=\"\"\/><\/figure>\n\n\n\n<h4 class=\"wp-block-heading\">Dise\u00f1o de P\u00e1ginas de Internet<\/h4>\n\n\n\n<p>Dise\u00f1amos tu p\u00e1gina de Internet de acuerdo a tus necesidades.<\/p>\n<\/div>\n\n\n\n<div class=\"wp-block-uagb-container uagb-block-0ab32840\"><\/div>\n<\/div><\/div>\n\n\n\n<div class=\"wp-block-uagb-container uagb-block-c1g5mnhn alignfull uagb-is-root-container\"><div class=\"uagb-container-inner-blocks-wrap\">\n<div class=\"wp-block-uagb-info-box uagb-block-cnxjjkpm uagb-infobox__content-wrap  uagb-infobox-icon-above-title uagb-infobox-image-valign-top\"><div class=\"uagb-ifb-content\"><div class=\"uagb-ifb-title-wrap\"><h2 class=\"uagb-ifb-title\">Nosotros<\/h2><\/div><p class=\"uagb-ifb-desc\">En L\u00edderes Emprendedores, nos especializamos en la implementaci\u00f3n de campus virtuales y el dise\u00f1o instruccional, cursos, y consultor\u00eda para instituciones educativas, empresas y docentes . Con m\u00e1s de 15 a\u00f1os de experiencia en educaci\u00f3n a distancia, ofrecemos soluciones personalizadas para garantizar el \u00e9xito de tus proyectos educativos.<br><br>Somos un equipo de profesionales con amplia experiencia en la educaci\u00f3n a distancia y la gesti\u00f3n de plataformas educativas. Nuestro objetivo es transformar la educaci\u00f3n mediante el uso de tecnolog\u00edas innovadoras y soluciones personalizadas. Liderados por Aid\u00e9 Ley licenciada en administraci\u00f3n de empresas y maestra en educaci\u00f3n, nuestro enfoque se basa en la eficiencia, la calidad y el soporte continuo.<br><\/p><\/div><\/div>\n\n\n\n<div class=\"wp-block-uagb-image alignleft uagb-block-2r5gkqzi wp-block-uagb-image--layout-default wp-block-uagb-image--effect-static wp-block-uagb-image--align-left\"><figure class=\"wp-block-uagb-image__figure\"><img decoding=\"async\" srcset=\"https:\/\/lideresemprendedores.com.mx\/portal\/wp-content\/uploads\/2025\/03\/zipwp-image-evvzwsnhnf4-768x1024.jpg ,https:\/\/lideresemprendedores.com.mx\/portal\/wp-content\/uploads\/2025\/03\/zipwp-image-evvzwsnhnf4.jpg 780w, https:\/\/lideresemprendedores.com.mx\/portal\/wp-content\/uploads\/2025\/03\/zipwp-image-evvzwsnhnf4.jpg 360w\" sizes=\"auto, (max-width: 480px) 150px\" src=\"https:\/\/lideresemprendedores.com.mx\/portal\/wp-content\/uploads\/2025\/03\/zipwp-image-evvzwsnhnf4-768x1024.jpg\" alt=\"zipwp-image-evvzwsnhnf4.jpg\" class=\"uag-image-536\" width=\"564\" height=\"450\" title=\"zipwp-image-evvzwsnhnf4\" loading=\"lazy\" role=\"img\"\/><\/figure><\/div>\n<\/div><\/div>\n\n\n\n<div class=\"wp-block-uagb-info-box uagb-block-315e6be7 uagb-infobox__content-wrap  uagb-infobox-icon-above-title uagb-infobox-image-valign-top wp-block-uagb-info-box--has-margin\"><div class=\"uagb-infobox-margin-wrapper\"><div class=\"uagb-ifb-content\"><div class=\"uagb-ifb-title-wrap\"><h2 class=\"uagb-ifb-title\">Cont\u00e1ctanos<\/h2><\/div><\/div><\/div><\/div>\n\n\n\n<div class=\"wp-block-uagb-container uagb-block-8ba17e3f alignfull uagb-is-root-container\"><div class=\"uagb-container-inner-blocks-wrap\">\n<div class=\"wp-block-uagb-container uagb-block-ac19870f\">\n<p><strong>En que podemos ayudarte para poder crecer, CONTACTANOS<\/strong><\/p>\n\n\n\n<h5 class=\"wp-block-heading\">Whatts App<\/h5>\n\n\n\n<p>(52) 55-59-92-11-52<\/p>\n\n\n\n<h5 class=\"wp-block-heading\">Email<\/h5>\n\n\n\n<p><a href=\"mailto:lideresemprendedores222@gmail.com\">lideresemprendedores222@gmail.com<\/a><\/p>\n<\/div>\n\n\n\n<div class=\"wp-block-uagb-container uagb-block-6c9f6b6e\"><div class=\"wp-block-uagb-faq uagb-faq__outer-wrap uagb-block-75a76a12 uagb-faq-icon-row-reverse uagb-faq-layout-accordion uagb-faq-expand-first-true uagb-faq-inactive-other-true uagb-faq__wrap uagb-buttons-layout-wrap uagb-faq-equal-height     \" data-faqtoggle=\"true\" role=\"tablist\"><script type=\"application\/ld+json\">{\"@context\":\"https:\\\/\\\/schema.org\",\"@type\":\"FAQPage\",\"@id\":\"https:\\\/\\\/lideresemprendedores.com.mx\\\/portal\\\/\",\"mainEntity\":[{\"@type\":\"Question\",\"name\":\"\\u00bfQu\\u00e9 es FAQ?\",\"acceptedAnswer\":{\"@type\":\"Answer\",\"text\":\"Lorem fistrum ese pedazo de torpedo diodeno. Se calle ust\\u00e9e al ataquerl quietooor pupita diodeno. Torpedo va ust\\u00e9 muy cargadoo a peich pecador a peich a peich. Diodenoo condemor sexuarl no puedor sexuarl te va a has\\u00e9 pupitaa apetecan diodenoo. Sexuarl torpedo benemeritaar mamaar benemeritaar apetecan no puedor condemor.\"}},{\"@type\":\"Question\",\"name\":\"\\u00bfQu\\u00e9 es FAQ?\",\"acceptedAnswer\":{\"@type\":\"Answer\",\"text\":\"Lorem fistrum ese pedazo de torpedo diodeno. Se calle ust\\u00e9e al ataquerl quietooor pupita diodeno. Torpedo va ust\\u00e9 muy cargadoo a peich pecador a peich a peich. Diodenoo condemor sexuarl no puedor sexuarl te va a has\\u00e9 pupitaa apetecan diodenoo. Sexuarl torpedo benemeritaar mamaar benemeritaar apetecan no puedor condemor.\"}}]}<\/script><div class=\"wp-block-uagb-faq-child uagb-faq-child__outer-wrap uagb-faq-item uagb-block-6eed3d8c \" role=\"tab\" tabindex=\"0\"><div class=\"uagb-faq-questions-button uagb-faq-questions\">\t\t\t<span class=\"uagb-icon uagb-faq-icon-wrap\">\n\t\t\t\t\t\t\t\t<svg xmlns=\"https:\/\/www.w3.org\/2000\/svg\" viewBox= \"0 0 448 512\"><path d=\"M432 256c0 17.69-14.33 32.01-32 32.01H256v144c0 17.69-14.33 31.99-32 31.99s-32-14.3-32-31.99v-144H48c-17.67 0-32-14.32-32-32.01s14.33-31.99 32-31.99H192v-144c0-17.69 14.33-32.01 32-32.01s32 14.32 32 32.01v144h144C417.7 224 432 238.3 432 256z\"><\/path><\/svg>\n\t\t\t\t\t\t\t<\/span>\n\t\t\t\t\t\t<span class=\"uagb-icon-active uagb-faq-icon-wrap\">\n\t\t\t\t\t\t\t\t<svg xmlns=\"https:\/\/www.w3.org\/2000\/svg\" viewBox= \"0 0 448 512\"><path d=\"M400 288h-352c-17.69 0-32-14.32-32-32.01s14.31-31.99 32-31.99h352c17.69 0 32 14.3 32 31.99S417.7 288 400 288z\"><\/path><\/svg>\n\t\t\t\t\t\t\t<\/span>\n\t\t\t<span class=\"uagb-question\">\u00bfQu\u00e9 es FAQ?<\/span><\/div><div class=\"uagb-faq-content\"><p>Lorem fistrum ese pedazo de torpedo diodeno. Se calle ust\u00e9e al ataquerl quietooor pupita diodeno. Torpedo va ust\u00e9 muy cargadoo a peich pecador a peich a peich. Diodenoo condemor sexuarl no puedor sexuarl te va a has\u00e9 pupitaa apetecan diodenoo. Sexuarl torpedo benemeritaar mamaar benemeritaar apetecan no puedor condemor.<\/p><\/div><\/div><div class=\"wp-block-uagb-faq-child uagb-faq-child__outer-wrap uagb-faq-item uagb-block-36170e4e \" role=\"tab\" tabindex=\"0\"><div class=\"uagb-faq-questions-button uagb-faq-questions\">\t\t\t<span class=\"uagb-icon uagb-faq-icon-wrap\">\n\t\t\t\t\t\t\t\t<svg xmlns=\"https:\/\/www.w3.org\/2000\/svg\" viewBox= \"0 0 448 512\"><path d=\"M432 256c0 17.69-14.33 32.01-32 32.01H256v144c0 17.69-14.33 31.99-32 31.99s-32-14.3-32-31.99v-144H48c-17.67 0-32-14.32-32-32.01s14.33-31.99 32-31.99H192v-144c0-17.69 14.33-32.01 32-32.01s32 14.32 32 32.01v144h144C417.7 224 432 238.3 432 256z\"><\/path><\/svg>\n\t\t\t\t\t\t\t<\/span>\n\t\t\t\t\t\t<span class=\"uagb-icon-active uagb-faq-icon-wrap\">\n\t\t\t\t\t\t\t\t<svg xmlns=\"https:\/\/www.w3.org\/2000\/svg\" viewBox= \"0 0 448 512\"><path d=\"M400 288h-352c-17.69 0-32-14.32-32-32.01s14.31-31.99 32-31.99h352c17.69 0 32 14.3 32 31.99S417.7 288 400 288z\"><\/path><\/svg>\n\t\t\t\t\t\t\t<\/span>\n\t\t\t<span class=\"uagb-question\">\u00bfQu\u00e9 es FAQ?<\/span><\/div><div class=\"uagb-faq-content\"><p>Lorem fistrum ese pedazo de torpedo diodeno. Se calle ust\u00e9e al ataquerl quietooor pupita diodeno. Torpedo va ust\u00e9 muy cargadoo a peich pecador a peich a peich. Diodenoo condemor sexuarl no puedor sexuarl te va a has\u00e9 pupitaa apetecan diodenoo. Sexuarl torpedo benemeritaar mamaar benemeritaar apetecan no puedor condemor.<\/p><\/div><\/div><\/div><\/div>\n<\/div><\/div>\n\n\n\n<p><\/p>\n","protected":false},"excerpt":{"rendered":"<p>Dise\u00f1o de P\u00e1ginas de Internet Dise\u00f1amos tu p\u00e1gina de Internet de acuerdo a tus necesidades. En que podemos ayudarte para [&hellip;]<\/p>\n","protected":false},"author":1,"featured_media":0,"parent":0,"menu_order":0,"comment_status":"closed","ping_status":"closed","template":"","meta":{"_uag_custom_page_level_css":"","site-sidebar-layout":"default","site-content-layout":"","ast-site-content-layout":"","site-content-style":"default","site-sidebar-style":"default","ast-global-header-display":"","ast-banner-title-visibility":"","ast-main-header-display":"","ast-hfb-above-header-display":"","ast-hfb-below-header-display":"","ast-hfb-mobile-header-display":"","site-post-title":"","ast-breadcrumbs-content":"","ast-featured-img":"","footer-sml-layout":"","theme-transparent-header-meta":"enabled","adv-header-id-meta":"","stick-header-meta":"","header-above-stick-meta":"","header-main-stick-meta":"","header-below-stick-meta":"","astra-migrate-meta-layouts":"default","ast-page-background-enabled":"default","ast-page-background-meta":{"desktop":{"background-color":"var(--ast-global-color-4)","background-image":"","background-repeat":"repeat","background-position":"center center","background-size":"auto","background-attachment":"scroll","background-type":"","background-media":"","overlay-type":"","overlay-color":"","overlay-opacity":"","overlay-gradient":""},"tablet":{"background-color":"","background-image":"","background-repeat":"repeat","background-position":"center center","background-size":"auto","background-attachment":"scroll","background-type":"","background-media":"","overlay-type":"","overlay-color":"","overlay-opacity":"","overlay-gradient":""},"mobile":{"background-color":"","background-image":"","background-repeat":"repeat","background-position":"center center","background-size":"auto","background-attachment":"scroll","background-type":"","background-media":"","overlay-type":"","overlay-color":"","overlay-opacity":"","overlay-gradient":""}},"ast-content-background-meta":{"desktop":{"background-color":"var(--ast-global-color-5)","background-image":"","background-repeat":"repeat","background-position":"center center","background-size":"auto","background-attachment":"scroll","background-type":"","background-media":"","overlay-type":"","overlay-color":"","overlay-opacity":"","overlay-gradient":""},"tablet":{"background-color":"var(--ast-global-color-5)","background-image":"","background-repeat":"repeat","background-position":"center center","background-size":"auto","background-attachment":"scroll","background-type":"","background-media":"","overlay-type":"","overlay-color":"","overlay-opacity":"","overlay-gradient":""},"mobile":{"background-color":"var(--ast-global-color-5)","background-image":"","background-repeat":"repeat","background-position":"center center","background-size":"auto","background-attachment":"scroll","background-type":"","background-media":"","overlay-type":"","overlay-color":"","overlay-opacity":"","overlay-gradient":""}},"footnotes":""},"class_list":["post-509","page","type-page","status-publish","hentry"],"uagb_featured_image_src":{"full":false,"thumbnail":false,"medium":false,"medium_large":false,"large":false,"1536x1536":false,"2048x2048":false},"uagb_author_info":{"display_name":"admin","author_link":"https:\/\/lideresemprendedores.com.mx\/portal\/author\/admin\/"},"uagb_comment_info":0,"uagb_excerpt":"Dise\u00f1o de P\u00e1ginas de Internet Dise\u00f1amos tu p\u00e1gina de Internet de acuerdo a tus necesidades. En que podemos ayudarte para [&hellip;]","_links":{"self":[{"href":"https:\/\/lideresemprendedores.com.mx\/portal\/wp-json\/wp\/v2\/pages\/509","targetHints":{"allow":["GET"]}}],"collection":[{"href":"https:\/\/lideresemprendedores.com.mx\/portal\/wp-json\/wp\/v2\/pages"}],"about":[{"href":"https:\/\/lideresemprendedores.com.mx\/portal\/wp-json\/wp\/v2\/types\/page"}],"author":[{"embeddable":true,"href":"https:\/\/lideresemprendedores.com.mx\/portal\/wp-json\/wp\/v2\/users\/1"}],"replies":[{"embeddable":true,"href":"https:\/\/lideresemprendedores.com.mx\/portal\/wp-json\/wp\/v2\/comments?post=509"}],"version-history":[{"count":12,"href":"https:\/\/lideresemprendedores.com.mx\/portal\/wp-json\/wp\/v2\/pages\/509\/revisions"}],"predecessor-version":[{"id":622,"href":"https:\/\/lideresemprendedores.com.mx\/portal\/wp-json\/wp\/v2\/pages\/509\/revisions\/622"}],"wp:attachment":[{"href":"https:\/\/lideresemprendedores.com.mx\/portal\/wp-json\/wp\/v2\/media?parent=509"}],"curies":[{"name":"wp","href":"https:\/\/api.w.org\/{rel}","templated":true}]}}