{"id":511,"date":"2025-03-10T23:29:26","date_gmt":"2025-03-10T23:29:26","guid":{"rendered":"https:\/\/lideresemprendedores.com.mx\/portal\/about\/"},"modified":"2025-03-13T00:26:47","modified_gmt":"2025-03-13T00:26:47","slug":"about","status":"publish","type":"page","link":"https:\/\/lideresemprendedores.com.mx\/portal\/about\/","title":{"rendered":"Nosotros"},"content":{"rendered":"\n<div class=\"wp-block-uagb-container uagb-block-84b1a4f4 alignfull uagb-is-root-container\"><div class=\"uagb-container-inner-blocks-wrap\">\n<div class=\"wp-block-uagb-info-box uagb-block-6157101b uagb-infobox__content-wrap  uagb-infobox-icon-above-title uagb-infobox-image-valign-top\"><div class=\"uagb-ifb-content\"><div class=\"uagb-ifb-title-wrap\"><h1 class=\"uagb-ifb-title\">Nosotros<\/h1><\/div><div class=\"uagb-ifb-separator\"><\/div><\/div><\/div>\n<\/div><\/div>\n\n\n\n<div class=\"wp-block-uagb-container uagb-block-012e3f1c alignfull uagb-is-root-container\"><div class=\"uagb-container-inner-blocks-wrap\">\n<div class=\"wp-block-uagb-container uagb-block-fda13d6b\">\n<div class=\"wp-block-uagb-image uagb-block-625bb581 wp-block-uagb-image--layout-default wp-block-uagb-image--effect-static wp-block-uagb-image--align-none\"><figure class=\"wp-block-uagb-image__figure\"><img decoding=\"async\" srcset=\"https:\/\/lideresemprendedores.com.mx\/portal\/wp-content\/uploads\/2025\/03\/zipwp-image-8055488-1024x683.jpg ,https:\/\/lideresemprendedores.com.mx\/portal\/wp-content\/uploads\/2025\/03\/zipwp-image-8055488-scaled.jpg 780w, https:\/\/lideresemprendedores.com.mx\/portal\/wp-content\/uploads\/2025\/03\/zipwp-image-8055488-scaled.jpg 360w\" sizes=\"auto, (max-width: 480px) 150px\" src=\"https:\/\/lideresemprendedores.com.mx\/portal\/wp-content\/uploads\/2025\/03\/zipwp-image-8055488-1024x683.jpg\" alt=\"\" class=\"uag-image-531\" width=\"1024\" height=\"683\" title=\"zipwp-image-8055488\" loading=\"lazy\" role=\"img\"\/><\/figure><\/div>\n<\/div>\n\n\n\n<div class=\"wp-block-uagb-container uagb-block-6911cb7d\">\n<div class=\"wp-block-uagb-info-box uagb-block-4a8e13c2 uagb-infobox__content-wrap  uagb-infobox-icon-above-title uagb-infobox-image-valign-top\"><div class=\"uagb-ifb-content\"><div class=\"uagb-ifb-title-wrap\"><h3 class=\"uagb-ifb-title\">Lideres emprendedores<\/h3><\/div><p class=\"uagb-ifb-desc\">Somos un equipo de profesionales con amplia experiencia en la educaci\u00f3n a distancia y la gesti\u00f3n de plataformas educativas. Nuestro objetivo es transformar la educaci\u00f3n mediante el uso de tecnolog\u00edas innovadoras y soluciones personalizadas. Liderados por Aid\u00e9 Ley licenciada en administraci\u00f3n de empresas y maestra en educaci\u00f3n, nuestro enfoque se basa en la eficiencia, la calidad y el soporte continuo.<\/p><\/div><\/div>\n<\/div>\n\n\n\n<div class=\"wp-block-uagb-separator uagb-block-e53605d2\"><div class=\"wp-block-uagb-separator__inner\" style=\"--my-background-image:\"><\/div><\/div>\n\n\n\n<p>En L\u00edderes Emprendedores, nos especializamos en la implementaci\u00f3n de campus virtuales y el dise\u00f1o instruccional, cursos, y consultor\u00eda para instituciones educativas, empresas y docentes . Con m\u00e1s de 15 a\u00f1os de experiencia en educaci\u00f3n a distancia, ofrecemos soluciones personalizadas para garantizar el \u00e9xito de tus proyectos educativos.<\/p>\n<\/div><\/div>\n\n\n\n<div class=\"wp-block-uagb-container uagb-block-07bff730 alignfull uagb-is-root-container\"><div class=\"uagb-container-inner-blocks-wrap\"><\/div><\/div>\n\n\n\n<div class=\"wp-block-uagb-container uagb-block-d509e43f alignfull uagb-is-root-container\"><div class=\"uagb-container-inner-blocks-wrap\">\n<div class=\"wp-block-uagb-info-box uagb-block-7a81a27e uagb-infobox__content-wrap  uagb-infobox-icon-above-title uagb-infobox-image-valign-top\"><div class=\"uagb-ifb-content\"><div class=\"uagb-ifb-title-wrap\"><h2 class=\"uagb-ifb-title\">Nuestra Misi\u00f3n: <br><br>Impulsar la transformaci\u00f3n educativa a trav\u00e9s de tecnolog\u00eda e innovaci\u00f3n en ambientes virtuales.<\/h2><\/div><\/div><\/div>\n\n\n\n<div class=\"wp-block-uagb-separator uagb-block-2d73f7b2\"><div class=\"wp-block-uagb-separator__inner\" style=\"--my-background-image:\"><\/div><\/div>\n\n\n\n<div class=\"wp-block-uagb-container uagb-block-0de268a6\">\n<div class=\"wp-block-uagb-info-box uagb-block-3a8a998c uagb-infobox__content-wrap  uagb-infobox-icon-above-title uagb-infobox-image-valign-top\"><div class=\"uagb-ifb-content\"><div class=\"uagb-ifb-title-wrap\"><h4 class=\"uagb-ifb-title\"><strong>Nuestra propuesta de valor se centra en:<\/strong><br><br>Experiencia y personalizaci\u00f3n: Soluciones adaptadas a las necesidades espec\u00edficas de cada cliente.<br><br>Implementaci\u00f3n eficiente: Integraci\u00f3n r\u00e1pida y sin problemas de plataformas educativas.<br><br>Soporte continuo: Asistencia t\u00e9cnica y pedag\u00f3gica constante.<\/h4><\/div><\/div><\/div>\n<\/div>\n\n\n\n<div class=\"wp-block-uagb-container uagb-block-eec3e8d3\"><\/div>\n<\/div><\/div>\n","protected":false},"excerpt":{"rendered":"<p>En L\u00edderes Emprendedores, nos especializamos en la implementaci\u00f3n de campus virtuales y el dise\u00f1o instruccional, cursos, y consultor\u00eda para instituciones [&hellip;]<\/p>\n","protected":false},"author":1,"featured_media":0,"parent":0,"menu_order":0,"comment_status":"closed","ping_status":"closed","template":"","meta":{"_uag_custom_page_level_css":"","site-sidebar-layout":"default","site-content-layout":"","ast-site-content-layout":"","site-content-style":"default","site-sidebar-style":"default","ast-global-header-display":"","ast-banner-title-visibility":"","ast-main-header-display":"","ast-hfb-above-header-display":"","ast-hfb-below-header-display":"","ast-hfb-mobile-header-display":"","site-post-title":"disabled","ast-breadcrumbs-content":"","ast-featured-img":"","footer-sml-layout":"","theme-transparent-header-meta":"enabled","adv-header-id-meta":"","stick-header-meta":"","header-above-stick-meta":"","header-main-stick-meta":"","header-below-stick-meta":"","astra-migrate-meta-layouts":"default","ast-page-background-enabled":"default","ast-page-background-meta":{"desktop":{"background-color":"var(--ast-global-color-4)","background-image":"","background-repeat":"repeat","background-position":"center center","background-size":"auto","background-attachment":"scroll","background-type":"","background-media":"","overlay-type":"","overlay-color":"","overlay-opacity":"","overlay-gradient":""},"tablet":{"background-color":"","background-image":"","background-repeat":"repeat","background-position":"center center","background-size":"auto","background-attachment":"scroll","background-type":"","background-media":"","overlay-type":"","overlay-color":"","overlay-opacity":"","overlay-gradient":""},"mobile":{"background-color":"","background-image":"","background-repeat":"repeat","background-position":"center center","background-size":"auto","background-attachment":"scroll","background-type":"","background-media":"","overlay-type":"","overlay-color":"","overlay-opacity":"","overlay-gradient":""}},"ast-content-background-meta":{"desktop":{"background-color":"var(--ast-global-color-5)","background-image":"","background-repeat":"repeat","background-position":"center center","background-size":"auto","background-attachment":"scroll","background-type":"","background-media":"","overlay-type":"","overlay-color":"","overlay-opacity":"","overlay-gradient":""},"tablet":{"background-color":"var(--ast-global-color-5)","background-image":"","background-repeat":"repeat","background-position":"center center","background-size":"auto","background-attachment":"scroll","background-type":"","background-media":"","overlay-type":"","overlay-color":"","overlay-opacity":"","overlay-gradient":""},"mobile":{"background-color":"var(--ast-global-color-5)","background-image":"","background-repeat":"repeat","background-position":"center center","background-size":"auto","background-attachment":"scroll","background-type":"","background-media":"","overlay-type":"","overlay-color":"","overlay-opacity":"","overlay-gradient":""}},"footnotes":""},"class_list":["post-511","page","type-page","status-publish","hentry"],"uagb_featured_image_src":{"full":false,"thumbnail":false,"medium":false,"medium_large":false,"large":false,"1536x1536":false,"2048x2048":false},"uagb_author_info":{"display_name":"admin","author_link":"https:\/\/lideresemprendedores.com.mx\/portal\/author\/admin\/"},"uagb_comment_info":0,"uagb_excerpt":"En L\u00edderes Emprendedores, nos especializamos en la implementaci\u00f3n de campus virtuales y el dise\u00f1o instruccional, cursos, y consultor\u00eda para instituciones [&hellip;]","_links":{"self":[{"href":"https:\/\/lideresemprendedores.com.mx\/portal\/wp-json\/wp\/v2\/pages\/511","targetHints":{"allow":["GET"]}}],"collection":[{"href":"https:\/\/lideresemprendedores.com.mx\/portal\/wp-json\/wp\/v2\/pages"}],"about":[{"href":"https:\/\/lideresemprendedores.com.mx\/portal\/wp-json\/wp\/v2\/types\/page"}],"author":[{"embeddable":true,"href":"https:\/\/lideresemprendedores.com.mx\/portal\/wp-json\/wp\/v2\/users\/1"}],"replies":[{"embeddable":true,"href":"https:\/\/lideresemprendedores.com.mx\/portal\/wp-json\/wp\/v2\/comments?post=511"}],"version-history":[{"count":12,"href":"https:\/\/lideresemprendedores.com.mx\/portal\/wp-json\/wp\/v2\/pages\/511\/revisions"}],"predecessor-version":[{"id":617,"href":"https:\/\/lideresemprendedores.com.mx\/portal\/wp-json\/wp\/v2\/pages\/511\/revisions\/617"}],"wp:attachment":[{"href":"https:\/\/lideresemprendedores.com.mx\/portal\/wp-json\/wp\/v2\/media?parent=511"}],"curies":[{"name":"wp","href":"https:\/\/api.w.org\/{rel}","templated":true}]}}