{"id":513,"date":"2025-03-10T23:29:26","date_gmt":"2025-03-10T23:29:26","guid":{"rendered":"https:\/\/lideresemprendedores.com.mx\/portal\/services\/"},"modified":"2025-03-13T00:27:53","modified_gmt":"2025-03-13T00:27:53","slug":"services","status":"publish","type":"page","link":"https:\/\/lideresemprendedores.com.mx\/portal\/services\/","title":{"rendered":"Servicios"},"content":{"rendered":"\n<div class=\"wp-block-uagb-container uagb-block-84b1a4f4 alignfull uagb-is-root-container\"><div class=\"uagb-container-inner-blocks-wrap\">\n<div class=\"wp-block-uagb-info-box uagb-block-6157101b uagb-infobox__content-wrap  uagb-infobox-icon-above-title uagb-infobox-image-valign-top\"><div class=\"uagb-ifb-content\"><div class=\"uagb-ifb-title-wrap\"><h1 class=\"uagb-ifb-title\">Servicios<\/h1><\/div><div class=\"uagb-ifb-separator\"><\/div><\/div><\/div>\n<\/div><\/div>\n\n\n\n<div class=\"wp-block-uagb-container uagb-block-b20a818d alignfull uagb-is-root-container\"><div class=\"uagb-container-inner-blocks-wrap\">\n<div class=\"wp-block-uagb-container uagb-block-7156e47a\">\n<div class=\"wp-block-uagb-container uagb-block-fa28c922\">\n<div class=\"wp-block-uagb-info-box uagb-block-3de66ac0 uagb-infobox__content-wrap  uagb-infobox-icon-above-title uagb-infobox-image-valign-top\"><div class=\"uagb-ifb-content\"><div class=\"uagb-ifb-title-wrap\"><h3 class=\"uagb-ifb-title\">Campus Virtuales<\/h3><\/div><p class=\"uagb-ifb-desc\">Ofrecemos soluciones completas de implementaci\u00f3n de plataformas como Moodle, adaptadas a las necesidades de tu instituci\u00f3n educativa o empresa. Garantizamos una integraci\u00f3n fluida y eficiente.<\/p><\/div><\/div>\n<\/div>\n\n\n\n<div class=\"wp-block-uagb-container uagb-block-3c5e78e2\"><\/div>\n<\/div>\n\n\n\n<div class=\"wp-block-uagb-separator uagb-block-defc3ddc\"><div class=\"wp-block-uagb-separator__inner\" style=\"--my-background-image:\"><\/div><\/div>\n\n\n\n<div class=\"wp-block-uagb-container uagb-block-f70cc460\"><\/div>\n\n\n\n<div class=\"wp-block-uagb-container uagb-block-5489499a\">\n<div class=\"wp-block-uagb-info-box uagb-block-fac72d52 uagb-infobox__content-wrap  uagb-infobox-icon-above-title uagb-infobox-image-valign-top\"><div class=\"uagb-ifb-content\"><div class=\"uagb-ifb-title-wrap\"><h3 class=\"uagb-ifb-title\">Dise\u00f1o Instruccional<\/h3><\/div><p class=\"uagb-ifb-desc\">Creamos contenido educativo de alta calidad y dise\u00f1amos programas de estudio que maximizan el aprendizaje en l\u00ednea. Nuestro enfoque pedag\u00f3gico asegura una experiencia de aprendizaje efectiva y atractiva.<\/p><\/div><\/div>\n<\/div>\n\n\n\n<div class=\"wp-block-uagb-separator uagb-block-15f33f46\"><div class=\"wp-block-uagb-separator__inner\" style=\"--my-background-image:\"><\/div><\/div>\n\n\n\n<div class=\"wp-block-uagb-container uagb-block-b6a21944\">\n<div class=\"wp-block-uagb-container uagb-block-55278b74\">\n<div class=\"wp-block-uagb-info-box uagb-block-23d60171 uagb-infobox__content-wrap  uagb-infobox-icon-above-title uagb-infobox-image-valign-top\"><div class=\"uagb-ifb-content\"><div class=\"uagb-ifb-title-wrap\"><h3 class=\"uagb-ifb-title\">Consultoria Educativa<\/h3><\/div><p class=\"uagb-ifb-desc\">Brindamos asesor\u00eda en la creaci\u00f3n, gesti\u00f3n y evaluaci\u00f3n de programas educativos en l\u00ednea. Nuestro equipo te ayudar\u00e1 a desarrollar estrategias efectivas para el \u00e9xito de tus proyectos.<\/p><\/div><\/div>\n<\/div>\n\n\n\n<div class=\"wp-block-uagb-container uagb-block-9c86cbb4\"><\/div>\n<\/div>\n\n\n\n<div class=\"wp-block-uagb-separator uagb-block-57b0bc74\"><div class=\"wp-block-uagb-separator__inner\" style=\"--my-background-image:\"><\/div><\/div>\n\n\n\n<div class=\"wp-block-uagb-container uagb-block-508d6dbb\"><\/div>\n\n\n\n<div class=\"wp-block-uagb-container uagb-block-ac6c6e95\">\n<div class=\"wp-block-uagb-info-box uagb-block-218d5e3c uagb-infobox__content-wrap  uagb-infobox-icon-above-title uagb-infobox-image-valign-top\"><div class=\"uagb-ifb-content\"><div class=\"uagb-ifb-title-wrap\"><h3 class=\"uagb-ifb-title\">Cursos<\/h3><\/div><p class=\"uagb-ifb-desc\">Capacitamos a profesores y personal educativo en el uso de tecnolog\u00edas educativas y herramientas de aprendizaje en l\u00ednea. Ofrecemos talleres y cursos personalizados para mejorar sus habilidades pedag\u00f3gicas.<\/p><\/div><\/div>\n<\/div>\n<\/div><\/div>\n\n\n\n<p><\/p>\n","protected":false},"excerpt":{"rendered":"","protected":false},"author":1,"featured_media":0,"parent":0,"menu_order":0,"comment_status":"closed","ping_status":"closed","template":"","meta":{"_uag_custom_page_level_css":"","site-sidebar-layout":"default","site-content-layout":"","ast-site-content-layout":"","site-content-style":"default","site-sidebar-style":"default","ast-global-header-display":"","ast-banner-title-visibility":"","ast-main-header-display":"","ast-hfb-above-header-display":"","ast-hfb-below-header-display":"","ast-hfb-mobile-header-display":"","site-post-title":"disabled","ast-breadcrumbs-content":"","ast-featured-img":"","footer-sml-layout":"","theme-transparent-header-meta":"enabled","adv-header-id-meta":"","stick-header-meta":"","header-above-stick-meta":"","header-main-stick-meta":"","header-below-stick-meta":"","astra-migrate-meta-layouts":"default","ast-page-background-enabled":"default","ast-page-background-meta":{"desktop":{"background-color":"var(--ast-global-color-4)","background-image":"","background-repeat":"repeat","background-position":"center center","background-size":"auto","background-attachment":"scroll","background-type":"","background-media":"","overlay-type":"","overlay-color":"","overlay-opacity":"","overlay-gradient":""},"tablet":{"background-color":"","background-image":"","background-repeat":"repeat","background-position":"center center","background-size":"auto","background-attachment":"scroll","background-type":"","background-media":"","overlay-type":"","overlay-color":"","overlay-opacity":"","overlay-gradient":""},"mobile":{"background-color":"","background-image":"","background-repeat":"repeat","background-position":"center center","background-size":"auto","background-attachment":"scroll","background-type":"","background-media":"","overlay-type":"","overlay-color":"","overlay-opacity":"","overlay-gradient":""}},"ast-content-background-meta":{"desktop":{"background-color":"var(--ast-global-color-5)","background-image":"","background-repeat":"repeat","background-position":"center center","background-size":"auto","background-attachment":"scroll","background-type":"","background-media":"","overlay-type":"","overlay-color":"","overlay-opacity":"","overlay-gradient":""},"tablet":{"background-color":"var(--ast-global-color-5)","background-image":"","background-repeat":"repeat","background-position":"center center","background-size":"auto","background-attachment":"scroll","background-type":"","background-media":"","overlay-type":"","overlay-color":"","overlay-opacity":"","overlay-gradient":""},"mobile":{"background-color":"var(--ast-global-color-5)","background-image":"","background-repeat":"repeat","background-position":"center center","background-size":"auto","background-attachment":"scroll","background-type":"","background-media":"","overlay-type":"","overlay-color":"","overlay-opacity":"","overlay-gradient":""}},"footnotes":""},"class_list":["post-513","page","type-page","status-publish","hentry"],"uagb_featured_image_src":{"full":false,"thumbnail":false,"medium":false,"medium_large":false,"large":false,"1536x1536":false,"2048x2048":false},"uagb_author_info":{"display_name":"admin","author_link":"https:\/\/lideresemprendedores.com.mx\/portal\/author\/admin\/"},"uagb_comment_info":0,"uagb_excerpt":null,"_links":{"self":[{"href":"https:\/\/lideresemprendedores.com.mx\/portal\/wp-json\/wp\/v2\/pages\/513","targetHints":{"allow":["GET"]}}],"collection":[{"href":"https:\/\/lideresemprendedores.com.mx\/portal\/wp-json\/wp\/v2\/pages"}],"about":[{"href":"https:\/\/lideresemprendedores.com.mx\/portal\/wp-json\/wp\/v2\/types\/page"}],"author":[{"embeddable":true,"href":"https:\/\/lideresemprendedores.com.mx\/portal\/wp-json\/wp\/v2\/users\/1"}],"replies":[{"embeddable":true,"href":"https:\/\/lideresemprendedores.com.mx\/portal\/wp-json\/wp\/v2\/comments?post=513"}],"version-history":[{"count":6,"href":"https:\/\/lideresemprendedores.com.mx\/portal\/wp-json\/wp\/v2\/pages\/513\/revisions"}],"predecessor-version":[{"id":618,"href":"https:\/\/lideresemprendedores.com.mx\/portal\/wp-json\/wp\/v2\/pages\/513\/revisions\/618"}],"wp:attachment":[{"href":"https:\/\/lideresemprendedores.com.mx\/portal\/wp-json\/wp\/v2\/media?parent=513"}],"curies":[{"name":"wp","href":"https:\/\/api.w.org\/{rel}","templated":true}]}}